{"id":14,"date":"2023-01-05T22:09:50","date_gmt":"2023-01-05T21:09:50","guid":{"rendered":"https:\/\/hd-equestrian.app-3.de\/wordpress\/?page_id=14"},"modified":"2024-10-31T08:39:54","modified_gmt":"2024-10-31T07:39:54","slug":"team","status":"publish","type":"page","link":"https:\/\/www.hd-equestrian.com\/en\/team\/","title":{"rendered":"Team"},"content":{"rendered":"<div data-elementor-type=\"wp-page\" data-elementor-id=\"14\" class=\"elementor elementor-14\">\n\t\t\t\t\t\t<section class=\"elementor-section elementor-top-section elementor-element elementor-element-1d02f51 elementor-section-height-min-height elementor-section-boxed elementor-section-height-default elementor-section-items-middle wpr-particle-no wpr-jarallax-no wpr-parallax-no wpr-sticky-section-no wpr-equal-height-no\" data-id=\"1d02f51\" data-element_type=\"section\" data-e-type=\"section\" data-settings=\"{&quot;background_background&quot;:&quot;classic&quot;}\">\n\t\t\t\t\t\t<div class=\"elementor-container elementor-column-gap-default\">\n\t\t\t\t\t<div class=\"elementor-column elementor-col-100 elementor-top-column elementor-element elementor-element-e3bac0f\" data-id=\"e3bac0f\" data-element_type=\"column\" data-e-type=\"column\">\n\t\t\t<div class=\"elementor-widget-wrap elementor-element-populated\">\n\t\t\t\t\t\t<section class=\"elementor-section elementor-inner-section elementor-element elementor-element-1b9463c elementor-section-full_width elementor-section-content-middle elementor-section-height-default elementor-section-height-default wpr-particle-no wpr-jarallax-no wpr-parallax-no wpr-sticky-section-no wpr-equal-height-no\" data-id=\"1b9463c\" data-element_type=\"section\" data-e-type=\"section\">\n\t\t\t\t\t\t<div class=\"elementor-container elementor-column-gap-default\">\n\t\t\t\t\t<div class=\"elementor-column elementor-col-100 elementor-inner-column elementor-element elementor-element-a2d084b\" data-id=\"a2d084b\" data-element_type=\"column\" data-e-type=\"column\">\n\t\t\t<div class=\"elementor-widget-wrap elementor-element-populated\">\n\t\t\t\t\t\t<div class=\"elementor-element elementor-element-40fe045 elementor-widget elementor-widget-heading\" data-id=\"40fe045\" data-element_type=\"widget\" data-e-type=\"widget\" data-widget_type=\"heading.default\">\n\t\t\t\t<div class=\"elementor-widget-container\">\n\t\t\t\t\t<h1 class=\"elementor-heading-title elementor-size-default\">Teamwork Makes the Dream Work<\/h1>\t\t\t\t<\/div>\n\t\t\t\t<\/div>\n\t\t\t\t<div class=\"elementor-element elementor-element-a120b65 elementor-widget-divider--view-line elementor-widget elementor-widget-divider\" data-id=\"a120b65\" data-element_type=\"widget\" data-e-type=\"widget\" data-widget_type=\"divider.default\">\n\t\t\t\t<div class=\"elementor-widget-container\">\n\t\t\t\t\t\t\t<div class=\"elementor-divider\">\n\t\t\t<span class=\"elementor-divider-separator\">\n\t\t\t\t\t\t<\/span>\n\t\t<\/div>\n\t\t\t\t\t\t<\/div>\n\t\t\t\t<\/div>\n\t\t\t\t<div class=\"elementor-element elementor-element-176a67e elementor-widget elementor-widget-text-editor\" data-id=\"176a67e\" data-element_type=\"widget\" data-e-type=\"widget\" data-widget_type=\"text-editor.default\">\n\t\t\t\t<div class=\"elementor-widget-container\">\n\t\t\t\t\t\t\t\t\tAt the Equestrian Center of <b style=\"color: #A98C4F;\">H<\/b>ofguts <b style=\"color: #A98C4F;\">D<\/b>agobertshausen, we are fortunate to work with an incredible team. Our primary intent is to ensure that both horse and rider feel at ease with us at all times. In addition to renowned expertise, we have a competent and reliable team of horse groomers, physiotherapists, and veterinarians dedicated to the well-being and health of the horses.\t\t\t\t\t\t\t\t<\/div>\n\t\t\t\t<\/div>\n\t\t\t\t\t<\/div>\n\t\t<\/div>\n\t\t\t\t\t<\/div>\n\t\t<\/section>\n\t\t\t\t\t<\/div>\n\t\t<\/div>\n\t\t\t\t\t<\/div>\n\t\t<\/section>\n\t\t\t\t<section class=\"elementor-section elementor-top-section elementor-element elementor-element-ce3dad7 elementor-section-boxed elementor-section-height-default elementor-section-height-default wpr-particle-no wpr-jarallax-no wpr-parallax-no wpr-sticky-section-no wpr-equal-height-no\" data-id=\"ce3dad7\" data-element_type=\"section\" data-e-type=\"section\">\n\t\t\t\t\t\t<div class=\"elementor-container elementor-column-gap-default\">\n\t\t\t\t\t<div class=\"elementor-column elementor-col-100 elementor-top-column elementor-element elementor-element-ccbe0f8\" data-id=\"ccbe0f8\" data-element_type=\"column\" data-e-type=\"column\">\n\t\t\t<div class=\"elementor-widget-wrap elementor-element-populated\">\n\t\t\t\t\t\t<section class=\"elementor-section elementor-inner-section elementor-element elementor-element-53d44db elementor-section-full_width elementor-section-height-default elementor-section-height-default wpr-particle-no wpr-jarallax-no wpr-parallax-no wpr-sticky-section-no wpr-equal-height-no\" data-id=\"53d44db\" data-element_type=\"section\" data-e-type=\"section\">\n\t\t\t\t\t\t<div class=\"elementor-container elementor-column-gap-default\">\n\t\t\t\t\t<div class=\"elementor-column elementor-col-50 elementor-inner-column elementor-element elementor-element-8f14134\" data-id=\"8f14134\" data-element_type=\"column\" data-e-type=\"column\">\n\t\t\t<div class=\"elementor-widget-wrap elementor-element-populated\">\n\t\t\t\t\t\t<div class=\"elementor-element elementor-element-f5df0bb elementor-widget elementor-widget-image\" data-id=\"f5df0bb\" data-element_type=\"widget\" data-e-type=\"widget\" data-widget_type=\"image.default\">\n\t\t\t\t<div class=\"elementor-widget-container\">\n\t\t\t\t\t\t\t\t\t\t\t\t\t\t\t<img fetchpriority=\"high\" decoding=\"async\" width=\"819\" height=\"1024\" src=\"https:\/\/www.hd-equestrian.com\/wp-content\/uploads\/2023\/09\/Nicola_Pohl_HD_Team-819x1024.jpg\" class=\"attachment-large size-large wp-image-4485\" alt=\"\" srcset=\"https:\/\/www.hd-equestrian.com\/wp-content\/uploads\/2023\/09\/Nicola_Pohl_HD_Team-819x1024.jpg 819w, https:\/\/www.hd-equestrian.com\/wp-content\/uploads\/2023\/09\/Nicola_Pohl_HD_Team-240x300.jpg 240w, https:\/\/www.hd-equestrian.com\/wp-content\/uploads\/2023\/09\/Nicola_Pohl_HD_Team-768x960.jpg 768w, https:\/\/www.hd-equestrian.com\/wp-content\/uploads\/2023\/09\/Nicola_Pohl_HD_Team.jpg 1000w\" sizes=\"(max-width: 819px) 100vw, 819px\" \/>\t\t\t\t\t\t\t\t\t\t\t\t\t\t\t<\/div>\n\t\t\t\t<\/div>\n\t\t\t\t\t<\/div>\n\t\t<\/div>\n\t\t\t\t<div class=\"elementor-column elementor-col-50 elementor-inner-column elementor-element elementor-element-dc16030\" data-id=\"dc16030\" data-element_type=\"column\" data-e-type=\"column\">\n\t\t\t<div class=\"elementor-widget-wrap elementor-element-populated\">\n\t\t\t\t\t\t<div class=\"elementor-element elementor-element-c2dcd91 elementor-widget elementor-widget-heading\" data-id=\"c2dcd91\" data-element_type=\"widget\" data-e-type=\"widget\" data-widget_type=\"heading.default\">\n\t\t\t\t<div class=\"elementor-widget-container\">\n\t\t\t\t\t<h2 class=\"elementor-heading-title elementor-size-default\">Nicola Pohl<\/h2>\t\t\t\t<\/div>\n\t\t\t\t<\/div>\n\t\t\t\t<div class=\"elementor-element elementor-element-0da10d1 elementor-widget elementor-widget-heading\" data-id=\"0da10d1\" data-element_type=\"widget\" data-e-type=\"widget\" data-widget_type=\"heading.default\">\n\t\t\t\t<div class=\"elementor-widget-container\">\n\t\t\t\t\t<h2 class=\"elementor-heading-title elementor-size-default\">Rider &amp; Sales<\/h2>\t\t\t\t<\/div>\n\t\t\t\t<\/div>\n\t\t\t\t<div class=\"elementor-element elementor-element-5870213 elementor-widget elementor-widget-text-editor\" data-id=\"5870213\" data-element_type=\"widget\" data-e-type=\"widget\" data-widget_type=\"text-editor.default\">\n\t\t\t\t<div class=\"elementor-widget-container\">\n\t\t\t\t\t\t\t\t\t<p>Nicola Pohl is a German show jumper competing at an international 5* level. Her athletic achievements include winning the 4* Nations Cup in Rabat.<\/p><p>Additionally, Nicola has won the 4* Grand Prix in Vilamoura as well as the 3* Grand Prix in Dubai, Busto Arsizio, and Gorla Minore. Nicola has also claimed victories in several international ranking classes, collecting crucial world ranking points. Most recently, Nicola won the 5* 145 ranking class in London.\u00a0<\/p>\t\t\t\t\t\t\t\t<\/div>\n\t\t\t\t<\/div>\n\t\t\t\t\t<\/div>\n\t\t<\/div>\n\t\t\t\t\t<\/div>\n\t\t<\/section>\n\t\t\t\t<section class=\"elementor-section elementor-inner-section elementor-element elementor-element-75f0f49 elementor-section-full_width elementor-reverse-mobile elementor-section-height-default elementor-section-height-default wpr-particle-no wpr-jarallax-no wpr-parallax-no wpr-sticky-section-no wpr-equal-height-no\" data-id=\"75f0f49\" data-element_type=\"section\" data-e-type=\"section\">\n\t\t\t\t\t\t<div class=\"elementor-container elementor-column-gap-default\">\n\t\t\t\t\t<div class=\"elementor-column elementor-col-50 elementor-inner-column elementor-element elementor-element-6d6ded0\" data-id=\"6d6ded0\" data-element_type=\"column\" data-e-type=\"column\">\n\t\t\t<div class=\"elementor-widget-wrap elementor-element-populated\">\n\t\t\t\t\t\t<div class=\"elementor-element elementor-element-8711823 elementor-widget elementor-widget-heading\" data-id=\"8711823\" data-element_type=\"widget\" data-e-type=\"widget\" data-widget_type=\"heading.default\">\n\t\t\t\t<div class=\"elementor-widget-container\">\n\t\t\t\t\t<h2 class=\"elementor-heading-title elementor-size-default\">Donald Whitaker<\/h2>\t\t\t\t<\/div>\n\t\t\t\t<\/div>\n\t\t\t\t<div class=\"elementor-element elementor-element-b83fc84 elementor-widget elementor-widget-heading\" data-id=\"b83fc84\" data-element_type=\"widget\" data-e-type=\"widget\" data-widget_type=\"heading.default\">\n\t\t\t\t<div class=\"elementor-widget-container\">\n\t\t\t\t\t<h2 class=\"elementor-heading-title elementor-size-default\">Rider, Sales, Training<\/h2>\t\t\t\t<\/div>\n\t\t\t\t<\/div>\n\t\t\t\t<div class=\"elementor-element elementor-element-1e62584 elementor-widget elementor-widget-text-editor\" data-id=\"1e62584\" data-element_type=\"widget\" data-e-type=\"widget\" data-widget_type=\"text-editor.default\">\n\t\t\t\t<div class=\"elementor-widget-container\">\n\t\t\t\t\t\t\t\t\t<p>Donald began his career in Michael Whitaker's stable and continued after completing his professional training with Darragh Kenny in Holland.<\/p><p>For several years now, Donald has been living in Germany, enhancing HD Equestrian with his extensive experience and expertise. Among Donald's most significant achievements are a silver medal at the Young Horse World Championships in Lanaken, a silver medal in the 5* Nations Cup with Team Great Britain in Abu Dhabi, a victory in the 5* 155 ranking class in Dubai, and a second-place finish in the 4* GP in Italy. His nomination for the European Championships in Milan 2023 is another great success.\u00a0<\/p>\t\t\t\t\t\t\t\t<\/div>\n\t\t\t\t<\/div>\n\t\t\t\t\t<\/div>\n\t\t<\/div>\n\t\t\t\t<div class=\"elementor-column elementor-col-50 elementor-inner-column elementor-element elementor-element-1a6573e\" data-id=\"1a6573e\" data-element_type=\"column\" data-e-type=\"column\">\n\t\t\t<div class=\"elementor-widget-wrap elementor-element-populated\">\n\t\t\t\t\t\t<div class=\"elementor-element elementor-element-84c68d3 elementor-widget elementor-widget-image\" data-id=\"84c68d3\" data-element_type=\"widget\" data-e-type=\"widget\" data-widget_type=\"image.default\">\n\t\t\t\t<div class=\"elementor-widget-container\">\n\t\t\t\t\t\t\t\t\t\t\t\t\t\t\t<img decoding=\"async\" width=\"819\" height=\"1024\" src=\"https:\/\/www.hd-equestrian.com\/wp-content\/uploads\/2023\/09\/Donald_Whitaker_HD_Team-819x1024.jpg\" class=\"attachment-large size-large wp-image-4486\" alt=\"\" srcset=\"https:\/\/www.hd-equestrian.com\/wp-content\/uploads\/2023\/09\/Donald_Whitaker_HD_Team-819x1024.jpg 819w, https:\/\/www.hd-equestrian.com\/wp-content\/uploads\/2023\/09\/Donald_Whitaker_HD_Team-240x300.jpg 240w, https:\/\/www.hd-equestrian.com\/wp-content\/uploads\/2023\/09\/Donald_Whitaker_HD_Team-768x960.jpg 768w, https:\/\/www.hd-equestrian.com\/wp-content\/uploads\/2023\/09\/Donald_Whitaker_HD_Team.jpg 1000w\" sizes=\"(max-width: 819px) 100vw, 819px\" \/>\t\t\t\t\t\t\t\t\t\t\t\t\t\t\t<\/div>\n\t\t\t\t<\/div>\n\t\t\t\t\t<\/div>\n\t\t<\/div>\n\t\t\t\t\t<\/div>\n\t\t<\/section>\n\t\t\t\t\t<\/div>\n\t\t<\/div>\n\t\t\t\t\t<\/div>\n\t\t<\/section>\n\t\t\t\t<section class=\"elementor-section elementor-top-section elementor-element elementor-element-dfad745 elementor-section-boxed elementor-section-height-default elementor-section-height-default wpr-particle-no wpr-jarallax-no wpr-parallax-no wpr-sticky-section-no wpr-equal-height-no\" data-id=\"dfad745\" data-element_type=\"section\" data-e-type=\"section\">\n\t\t\t\t\t\t<div class=\"elementor-container elementor-column-gap-default\">\n\t\t\t\t\t<div class=\"elementor-column elementor-col-100 elementor-top-column elementor-element elementor-element-ca545b3\" data-id=\"ca545b3\" data-element_type=\"column\" data-e-type=\"column\">\n\t\t\t<div class=\"elementor-widget-wrap elementor-element-populated\">\n\t\t\t\t\t\t<section class=\"elementor-section elementor-inner-section elementor-element elementor-element-7daeced elementor-section-full_width elementor-section-height-default elementor-section-height-default wpr-particle-no wpr-jarallax-no wpr-parallax-no wpr-sticky-section-no wpr-equal-height-no\" data-id=\"7daeced\" data-element_type=\"section\" data-e-type=\"section\">\n\t\t\t\t\t\t<div class=\"elementor-container elementor-column-gap-default\">\n\t\t\t\t\t<div class=\"elementor-column elementor-col-100 elementor-inner-column elementor-element elementor-element-2139d56\" data-id=\"2139d56\" data-element_type=\"column\" data-e-type=\"column\">\n\t\t\t<div class=\"elementor-widget-wrap elementor-element-populated\">\n\t\t\t\t\t\t<div class=\"elementor-element elementor-element-ce9e7e0 elementor-widget elementor-widget-heading\" data-id=\"ce9e7e0\" data-element_type=\"widget\" data-e-type=\"widget\" data-widget_type=\"heading.default\">\n\t\t\t\t<div class=\"elementor-widget-container\">\n\t\t\t\t\t<h2 class=\"elementor-heading-title elementor-size-default\">WANT TO BE A PART OF OUR TEAM?<\/h2>\t\t\t\t<\/div>\n\t\t\t\t<\/div>\n\t\t\t\t<div class=\"elementor-element elementor-element-6630198 elementor-widget-divider--view-line elementor-widget elementor-widget-divider\" data-id=\"6630198\" data-element_type=\"widget\" data-e-type=\"widget\" data-widget_type=\"divider.default\">\n\t\t\t\t<div class=\"elementor-widget-container\">\n\t\t\t\t\t\t\t<div class=\"elementor-divider\">\n\t\t\t<span class=\"elementor-divider-separator\">\n\t\t\t\t\t\t<\/span>\n\t\t<\/div>\n\t\t\t\t\t\t<\/div>\n\t\t\t\t<\/div>\n\t\t\t\t<div class=\"elementor-element elementor-element-977057e elementor-widget elementor-widget-text-editor\" data-id=\"977057e\" data-element_type=\"widget\" data-e-type=\"widget\" data-widget_type=\"text-editor.default\">\n\t\t\t\t<div class=\"elementor-widget-container\">\n\t\t\t\t\t\t\t\t\t<p style=\"text-align: center;\">We are always looking for dedicated and qualified staff to assist us in our daily work with the horses. Feel free to send us your application materials, including references \u2014 we look forward to your unsolicited application!<\/p>\t\t\t\t\t\t\t\t<\/div>\n\t\t\t\t<\/div>\n\t\t\t\t\t<\/div>\n\t\t<\/div>\n\t\t\t\t\t<\/div>\n\t\t<\/section>\n\t\t\t\t\t<\/div>\n\t\t<\/div>\n\t\t\t\t\t<\/div>\n\t\t<\/section>\n\t\t\t\t<section class=\"elementor-section elementor-top-section elementor-element elementor-element-03e8d29 elementor-section-boxed elementor-section-height-default elementor-section-height-default wpr-particle-no wpr-jarallax-no wpr-parallax-no wpr-sticky-section-no wpr-equal-height-no\" data-id=\"03e8d29\" data-element_type=\"section\" data-e-type=\"section\">\n\t\t\t\t\t\t<div class=\"elementor-container elementor-column-gap-default\">\n\t\t\t\t\t<div class=\"elementor-column elementor-col-100 elementor-top-column elementor-element elementor-element-266bdb6\" data-id=\"266bdb6\" data-element_type=\"column\" data-e-type=\"column\">\n\t\t\t<div class=\"elementor-widget-wrap elementor-element-populated\">\n\t\t\t\t\t\t<div class=\"elementor-element elementor-element-47d886a elementor-widget elementor-widget-image\" data-id=\"47d886a\" data-element_type=\"widget\" data-e-type=\"widget\" data-widget_type=\"image.default\">\n\t\t\t\t<div class=\"elementor-widget-container\">\n\t\t\t\t\t\t\t\t\t\t\t\t\t\t\t<img decoding=\"async\" width=\"768\" height=\"593\" src=\"https:\/\/www.hd-equestrian.com\/wp-content\/uploads\/2024\/10\/Hickstead-Millfield-Colette-Donald-Whitaker-Brigita-Unciute-768x593.jpg\" class=\"attachment-medium_large size-medium_large wp-image-7415\" alt=\"\" srcset=\"https:\/\/www.hd-equestrian.com\/wp-content\/uploads\/2024\/10\/Hickstead-Millfield-Colette-Donald-Whitaker-Brigita-Unciute-768x593.jpg 768w, https:\/\/www.hd-equestrian.com\/wp-content\/uploads\/2024\/10\/Hickstead-Millfield-Colette-Donald-Whitaker-Brigita-Unciute-300x232.jpg 300w, https:\/\/www.hd-equestrian.com\/wp-content\/uploads\/2024\/10\/Hickstead-Millfield-Colette-Donald-Whitaker-Brigita-Unciute-1024x791.jpg 1024w, https:\/\/www.hd-equestrian.com\/wp-content\/uploads\/2024\/10\/Hickstead-Millfield-Colette-Donald-Whitaker-Brigita-Unciute-1536x1187.jpg 1536w, https:\/\/www.hd-equestrian.com\/wp-content\/uploads\/2024\/10\/Hickstead-Millfield-Colette-Donald-Whitaker-Brigita-Unciute-2048x1582.jpg 2048w, https:\/\/www.hd-equestrian.com\/wp-content\/uploads\/2024\/10\/Hickstead-Millfield-Colette-Donald-Whitaker-Brigita-Unciute-16x12.jpg 16w\" sizes=\"(max-width: 768px) 100vw, 768px\" \/>\t\t\t\t\t\t\t\t\t\t\t\t\t\t\t<\/div>\n\t\t\t\t<\/div>\n\t\t\t\t\t<\/div>\n\t\t<\/div>\n\t\t\t\t\t<\/div>\n\t\t<\/section>\n\t\t\t\t<\/div>","protected":false},"excerpt":{"rendered":"<p>Teamwork Makes the Dream Work In der Reitsportanlage des Hofguts Dagobertshausen haben wir das gro\u00dfe Gl\u00fcck mit einem gro\u00dfartigen Team zusammen arbeiten zu d\u00fcrfen. Unsere wichtigste Intension ist, dass Pferd und Reiter sich jederzeit bei uns wohlf\u00fchlen. Neben renommierter Fachexpertise steht ein kompetentes und zuverl\u00e4ssiges Team aus Pferdepflegern, Physiotherapeuten und Tier\u00e4rzten zum Wohle und der Gesundheit der Pferde zur Verf\u00fcgung. Nicola Pohl Springreiterin, Ein- und Verkauf Die deutsche Springreiterin reitet im internationalen Spitzensport bis 5* Niveau. \u2028Die sportliche Leistung zeigt sich in Erfolgen wie im Sieg des 4* Nationenpreises in Rabat. \u2028 Desweiteren konnte Nicola den 4* Gro\u00dfen Preis in Vilamoura f\u00fcr sich entscheiden, sowie die 3* Gro\u00dfen Preise in Dubai, Busto Arsizio und Gorla Minore. \u2028Nicola gewann bereits einige internationale Ranking Springen und konnte somit wichtige Weltranglisten Punkte sammeln. Zuletzt sicherte Nicola sich den Sieg im 5* 145 Ranking Springen in London.\u00a0 Donald Whitaker Springreiter, Ein- und Verkauf, Training Donald begann seine Karriere im Stall von Michael Whitaker und setzte sie nach Abschluss deiner Ausbildung bei Darragh Kenny in Holland fort. \u2028 Seit einigen Jahren lebt Donald in Deutschland und verst\u00e4rkt HD Equestrian mit seiner langj\u00e4hrigen Erfahrung und Expertise. Zu Donalds gr\u00f6\u00dften Erfolgen geh\u00f6rt die Silbermedaille bei den Weltmeisterschaften der Jungenpferden in Lanaken, die Silbermedaille im 5* Nationenpreis mit Team Gro\u00dfbritannien in Abu Dhabi, der Sieg im 5* 155 Ranking Springen in Dubai sowie der 2. Platz im 4* GP in Italien. Auch die Nominierung zur Europameisterschaft in Mailand 2023 ist ein gro\u00dfartiger Erfolg.\u00a0 M\u00f6chten Sie ebenfalls Teil unseres Teams werden? Wir sind stets auf der Suche nach engagierten und qualifizierten Mitarbeitern, die uns bei der t\u00e4glichen Arbeit mit den Pferden unterstu\u0308tzen. Senden Sie uns gerne Ihre Unterlagen inklusive Referenzen \u2013 wir freuen uns auf Ihre Initiativbewerbung!<\/p>","protected":false},"author":2,"featured_media":0,"parent":0,"menu_order":0,"comment_status":"closed","ping_status":"closed","template":"","meta":{"_acf_changed":false,"site-sidebar-layout":"no-sidebar","site-content-layout":"page-builder","ast-site-content-layout":"","site-content-style":"default","site-sidebar-style":"default","ast-global-header-display":"","ast-banner-title-visibility":"","ast-main-header-display":"","ast-hfb-above-header-display":"","ast-hfb-below-header-display":"","ast-hfb-mobile-header-display":"","site-post-title":"disabled","ast-breadcrumbs-content":"","ast-featured-img":"disabled","footer-sml-layout":"","theme-transparent-header-meta":"default","adv-header-id-meta":"","stick-header-meta":"","header-above-stick-meta":"","header-main-stick-meta":"","header-below-stick-meta":"","astra-migrate-meta-layouts":"default","ast-page-background-enabled":"default","ast-page-background-meta":{"desktop":{"background-color":"var(--ast-global-color-4)","background-image":"","background-repeat":"repeat","background-position":"center center","background-size":"auto","background-attachment":"scroll","background-type":"","background-media":"","overlay-type":"","overlay-color":"","overlay-opacity":"","overlay-gradient":""},"tablet":{"background-color":"","background-image":"","background-repeat":"repeat","background-position":"center center","background-size":"auto","background-attachment":"scroll","background-type":"","background-media":"","overlay-type":"","overlay-color":"","overlay-opacity":"","overlay-gradient":""},"mobile":{"background-color":"","background-image":"","background-repeat":"repeat","background-position":"center center","background-size":"auto","background-attachment":"scroll","background-type":"","background-media":"","overlay-type":"","overlay-color":"","overlay-opacity":"","overlay-gradient":""}},"ast-content-background-meta":{"desktop":{"background-color":"var(--ast-global-color-5)","background-image":"","background-repeat":"repeat","background-position":"center center","background-size":"auto","background-attachment":"scroll","background-type":"","background-media":"","overlay-type":"","overlay-color":"","overlay-opacity":"","overlay-gradient":""},"tablet":{"background-color":"var(--ast-global-color-5)","background-image":"","background-repeat":"repeat","background-position":"center center","background-size":"auto","background-attachment":"scroll","background-type":"","background-media":"","overlay-type":"","overlay-color":"","overlay-opacity":"","overlay-gradient":""},"mobile":{"background-color":"var(--ast-global-color-5)","background-image":"","background-repeat":"repeat","background-position":"center center","background-size":"auto","background-attachment":"scroll","background-type":"","background-media":"","overlay-type":"","overlay-color":"","overlay-opacity":"","overlay-gradient":""}},"footnotes":""},"class_list":["post-14","page","type-page","status-publish","hentry"],"acf":[],"_links":{"self":[{"href":"https:\/\/www.hd-equestrian.com\/en\/wp-json\/wp\/v2\/pages\/14","targetHints":{"allow":["GET"]}}],"collection":[{"href":"https:\/\/www.hd-equestrian.com\/en\/wp-json\/wp\/v2\/pages"}],"about":[{"href":"https:\/\/www.hd-equestrian.com\/en\/wp-json\/wp\/v2\/types\/page"}],"author":[{"embeddable":true,"href":"https:\/\/www.hd-equestrian.com\/en\/wp-json\/wp\/v2\/users\/2"}],"replies":[{"embeddable":true,"href":"https:\/\/www.hd-equestrian.com\/en\/wp-json\/wp\/v2\/comments?post=14"}],"version-history":[{"count":11,"href":"https:\/\/www.hd-equestrian.com\/en\/wp-json\/wp\/v2\/pages\/14\/revisions"}],"predecessor-version":[{"id":7845,"href":"https:\/\/www.hd-equestrian.com\/en\/wp-json\/wp\/v2\/pages\/14\/revisions\/7845"}],"wp:attachment":[{"href":"https:\/\/www.hd-equestrian.com\/en\/wp-json\/wp\/v2\/media?parent=14"}],"curies":[{"name":"wp","href":"https:\/\/api.w.org\/{rel}","templated":true}]}}