{"id":3,"date":"2023-01-04T21:55:27","date_gmt":"2023-01-04T20:55:27","guid":{"rendered":"https:\/\/hd-equestrian.app-3.de\/wordpress\/?page_id=3"},"modified":"2023-09-18T21:16:03","modified_gmt":"2023-09-18T19:16:03","slug":"datenschutzerklaerung","status":"publish","type":"page","link":"https:\/\/www.hd-equestrian.com\/en\/datenschutzerklaerung\/","title":{"rendered":"Data privacy"},"content":{"rendered":"<p class=\"p1\"><b>Privacy policy<\/b><\/p>\r\n<p class=\"p3\">Im Folgenden m\u00f6chten wir Sie \u00fcber die Verarbeitung Ihrer personenbezogenen Daten bei Ihrem Besuch unserer Webseite, sowie \u00fcber Ihre Rechte informieren.<\/p>\r\n<ol class=\"ol1\">\r\n<li class=\"li1\"><b>Verantwortliche Stelle<\/b><\/li>\r\n<\/ol>\r\n<p class=\"p1\"><b>Reitsportanlage Dagobertshausen GmbH &amp; CO. KG<\/b><\/p>\r\n<p class=\"p1\">Dagoberth\u00e4user Stra\u00dfe 14<\/p>\r\n<p class=\"p1\">35041 Dagobertshausen<\/p>\r\n<p class=\"p1\">Phone: +49 6421 1655953<\/p>\r\n<p class=\"p4\"><span class=\"s1\">E-Mail: <a href=\"mailto:info@reitsportanlage-dagobertshausen.com\"><span class=\"s2\">info@reitsportanlage-dagobertshausen.com<\/span><\/a><\/span><\/p>\r\n<p><b>2. Allgemeines zur Datenverarbeitung und Ihren Rechten<br \/><\/b><b>2.1. Ma\u00dfgebliche Rechtsgrundlagen der Datenverarbeitung<br \/><\/b>Sofern die Rechtsgrundlage in diesen Datenschutzhinweisen nicht ausdr\u00fccklich genannt wird, sind die folgenden Rechtsgrundlagen ma\u00dfgeblich: Soweit wir f\u00fcr eine Datenverarbeitung Ihre Einwilligung einholen, ist Artikel 6 Abs. 1 lit. a und Art. 7 DSGVO Rechtsgrundlage f\u00fcr die Datenverarbeitung. Erfolgt die Verarbeitung der Daten zur Erf\u00fcllung unserer Leistungen und Durchf\u00fchrung vertraglicher Ma\u00dfnahmen sowie Beantwortung von Anfragen so ist Art. 6 Abs. 1 lit. b DSGVO Rechtsgrundlage der Datenverarbeitung. Dient die Datenverarbeitung zur Erf\u00fcllung einer rechtlichen Verpflichtung ist Artikel 6 Abs. 1 lit. c DSGVO Rechtsgrundlage. Beispiele hierf\u00fcr sind die Erf\u00fcllung von handelsrechtlichen Aufbewahrungsfristen oder die Erf\u00fcllung steuerlicher (Aufbewahrungs-)Pflichten. Ist die Verarbeitung personenbezogener Daten zur Wahrung eines berechtigten Interesses unseres Vereins oder eines Dritten erforderlich so dient uns Artikel 6 Abs. 1 lit. f DSGVO als Rechtsgrundlage. Berechtigte Interessen sind insbesondere die Gew\u00e4hrleistung der IT-Sicherheit und des IT-Betriebs, die Geltendmachung rechtlicher Anspr\u00fcche und Verteidigung in Rechtstreitigkeiten sowie die Erstellung von Benutzerstatistiken.<\/p>\r\n<p class=\"p1\"><b>2.2. Ihre Rechte<br \/><\/b>Sie haben das Recht<\/p>\r\n<ul class=\"ul1\">\r\n<li class=\"li1\">auf Auskunft nach Art. 15 DSGVO,<\/li>\r\n<li class=\"li1\">auf Berichtigung nach Art. 16 DSGVO,<\/li>\r\n<li class=\"li1\">auf L\u00f6schung nach Art. 17 DSGVO,<\/li>\r\n<li class=\"li1\">auf Einschr\u00e4nkung der Verarbeitung nach Art. 18 DSG-VO<\/li>\r\n<li class=\"li1\">auf Daten\u00fcbertragung nach Art. 20 DSGVO.<\/li>\r\n<\/ul>\r\n<p class=\"p1\">F\u00fcr die Rechte auf Auskunft und auf L\u00f6schung gelten die Einschr\u00e4nkungen der \u00a7\u00a7 34 und 35 BDSG. Dar\u00fcber hinaus haben Sie ein Beschwerderecht nach Art. 77 DSGVO bei einer Datenschutzaufsichtsbeh\u00f6rde gem. \u00a7 19 BDSG.<\/p>\r\n<p class=\"p1\">Eine uns erteilte Einwilligung in die Verarbeitung personenbezogener Daten k\u00f6nnen Sie jederzeit uns gegen\u00fcber mit Wirkung f\u00fcr die Zukunft widerrufen.<\/p>\r\n<p class=\"p1\"><b>2.3. Dauer der Speicherung<br \/><\/b>Sofern in diesen Datenschutzhinweisen nicht anders angegeben, werden personenbezogene Daten nur solange gespeichert, wie es zur Erf\u00fcllung des jeweiligen Zwecks oder zur Erf\u00fcllung unserer vertraglichen oder gesetzlichen Pflichten erforderlich ist. Wir unterliegen verschiedenen Aufbewahrungs- und Dokumentationspflichten. Diese ergeben sich insbesondere aus dem Handelsgesetzbuch und der Abgabenordnung. Die dort vorgegebenen Fristen k\u00f6nnen bis zu 10 Jahren betragen.<\/p>\r\n<p><b>2.4. \u00dcbermittlung von personenbezogenen Daten<\/b><\/p>\r\n<p class=\"p1\">Falls wir personenbezogene Daten an andere Personen oder Unternehmen \u00fcbermitteln, erfolgt dies nur auf Grundlage Ihrer Einwilligung, einer gesetzlichen Erlaubnis, aufgrund einer rechtlichen Verpflichtung (z.B. an \u00f6ffentliche Stellen) oder auf Grundlage einer Vereinbarung zur Auftragsverarbeitung nach Art. 28 DSGVO. Weitere Kategorien von Empf\u00e4ngern k\u00f6nnen Sie diesen Datenschutzhinweisen entnehmen (siehe dazu Ziffer 3.).<\/p>\r\n<p class=\"p1\"><b>2.5. \u00dcbermittlung von Daten in Drittstaaten<br \/><\/b>Eine Verarbeitung von personenbezogenen Daten au\u00dferhalb des Europ\u00e4ischen Wirtschaftsraum erfolgt nur, soweit in dem Drittland ein angemessenes Datenschutzniveau gem\u00e4\u00df Art. 44 ff. DSGVO durch die EU-Kommission best\u00e4tigt wurde oder andere angemessene Garantien zum Schutz personenbezogener Daten vorhanden sind.<\/p>\r\n<p class=\"p1\"><b>2.6. Automatische Entscheidungsfindung<br \/><\/b>Eine automatische Entscheidungsfindung oder Profiling erfolgt im Rahmen dieser Webseite nicht.<\/p>\r\n<p class=\"p1\"><b>3. Weitere Informationen zur Datenverarbeitung<br \/><\/b><b>3.1. Cookies<br \/><\/b>Unsere Webseite verwendet Cookies. Hierbei handelt es sich um kleine Datenpakete, die auf dem Endger\u00e4t des Kunden gespeichert werden. Neben so genannten Session-Cookies, die automatisch gel\u00f6scht werden, sobald Sie sich abmelden oder den Browser schlie\u00dfen, werden auch so genannte permanente Cookies verwendet, die einen wiederkehrenden Nutzer erkennen. Diese Cookies erl\u00f6schen automatisch nach einem festen Zeitraum.<br \/>Es ist jederzeit m\u00f6glich, dass Setzen eines Cookies durch entsprechende Einstellungen im Internetbrowser zu widersprechen. Bereits gesetzte Cookies k\u00f6nnen Sie jederzeit l\u00f6schen. Bei einer Deaktivierung von Cookies k\u00f6nnen m\u00f6glicherweise nicht alle Funktionen unserer Webseite im vollen Umfang genutzt werden. Rechtsgrundlage f\u00fcr das Setzen von Cookies ist Art. 6 Abs. 1 lit. f DSGVO, soweit der Cookie zur Durchf\u00fchrung des elektronischen Kommunikationsvorgangs oder zur Bereitstellung eines von Ihnen ausdr\u00fccklich gew\u00fcnschten Telemediendienstes erforderlich ist. Hierzu geh\u00f6ren z.B. Cookies mit Funktionen, die der Anzeige und Lauff\u00e4higkeit des Onlineangebotes , der Sicherheit, der Speicherung der von Ihnen gew\u00e4hlten Pr\u00e4ferenzen und Auswahlm\u00f6glichkeiten oder \u00e4hnlichen Zwecken dienen.<span class=\"Apple-converted-space\">\u00a0 <\/span>Sofern eine Einwilligung zur Speicherung von Cookies und vergleichbaren Technologien abgefragt wurde, erfolgt die Verarbeitung ausschlie\u00dflich auf Grundlage Ihrer Einwilligung nach Art. 6 Abs. 1 lit. a DSGVO und \u00a7 25 Abs. 1 TTDSG. Die uns erteilte Einwilligung ist jederzeit widerrufbar. Welche Cookies und Dienste auf dieser Website eingesetzt werden, k\u00f6nnen Sie diesen Datenschutzhinweisen entnehmen.<\/p>\r\n<p class=\"p1\"><b>3.2. Erfassung allgemeiner Daten und Erstellung von Protokolldaten<br \/><\/b>Bei Aufruf unserer Webseite werden automatisch allgemeine Daten und Informationen erfasst und in einem Protokoll des Servers gespeichert. Folgende Daten k\u00f6nnen hierbei erhoben werden:<\/p>\r\n<ul class=\"ul1\">\r\n<li class=\"li1\">Informationen zum Browsertyp und Version<\/li>\r\n<li class=\"li1\">Informationen zum Betriebssystem des Nutzers<\/li>\r\n<li class=\"li1\">Informationen zum Service-Provider des Nutzers<\/li>\r\n<li class=\"li1\">Die Internet-Protokoll-Adresse (IP-Adresse) des Nutzers oder aufrufenden Systems<\/li>\r\n<li class=\"li1\">Datum und Uhrzeit des Zugriffs<\/li>\r\n<li class=\"li1\">Die Seite, \u00fcber die Sie zu uns gekommen sind (Referrer URL)<\/li>\r\n<li class=\"li1\">Webseiten, die vom System des Nutzers \u00fcber unsere Webseite aufgerufen werden<\/li>\r\n<\/ul>\r\n<p class=\"p1\">Die Verarbeitung dieser Daten dient der Bereitstellung unserer Webseite, zur Gew\u00e4hrleistung der Funktionsf\u00e4higkeit unserer Informationstechnischen Systeme und der Optimierung unserer Webseite. Diese grunds\u00e4tzlich anonym erhobenen Daten und Informationen werden durch uns statistisch ausgewertet, mit dem Ziel, den Datenschutz und die Datensicherheit sicherzustellen. Die Daten der Logfiles werden dabei stets getrennt von anderen gegebenenfalls erfassten personenbezogenen Daten gespeichert und grunds\u00e4tzlich nicht an Dritte weitergegeben. Die L\u00f6schung der Daten erfolgt automatisch nach Fristlablauf. Rechtsgrundlage f\u00fcr die vorr\u00fcbergehende Verarbeitung der Daten ist die Wahrung der vorstehend genannten berechtigten Interessen gem\u00e4\u00df Art. 6 Abs. 1 lit. f DSGVO.<\/p>\r\n<p class=\"p1\"><b>3.3. Kontaktformular und E-Mail-Kontakt<br \/><\/b>Auf unserer Webseite finden Sie ein Kontaktformular und eine E-Mail-Adresse, \u00fcber die Sie mit uns auf elektronischem Weg Kontakt aufnehmen k\u00f6nnen. Nutzen Sie einen dieser Kan\u00e4le und nehmen mit uns Kontakt auf, so werden die von Ihnen uns \u00fcbermittelten personenbezogenen Daten automatisch gespeichert. Die Speicherung und weitere Verarbeitung dieser Daten dient ausschlie\u00dflich der Bearbeitung Ihrer Kontaktanfrage und zur anschlie\u00dfenden Kontaktanfrage mit Ihnen. Eine Weitergabe an Dritte erfolgt grunds\u00e4tzlich nicht. Die von Ihnen \u00fcbermittelten Daten werden nach Abschluss des Vorgangs gel\u00f6scht, sofern der L\u00f6schung keine vertraglichen oder gesetzlichen Aufbewahrungsfristen entgegenstehen. In diesem Fall werden die aufbewahrungspflichtigen Daten nach Fristablauf gel\u00f6scht. Rechtsgrundlage f\u00fcr die Verarbeitung der Daten sind Art. 6 Abs. 1 lit. a und f DSGVO.<\/p>\r\n<p class=\"p1\"><b>4. Einbindung von Diensten und Inhalte Dritter <\/b><\/p>\r\n<p class=\"p1\">Unsere Webseite nutzt Dienste und Inhalte von Drittanbietern. Insbesondere sogenannte \u201eSocial-Plugins\u201c, Videos oder Schriftarten. Diese Inhalte werden entweder bei Aufruf unseres Online-Dienstes oder vorbehaltlich Ihrer Einwilligung (z.B. durch gesondertes Aktivieren eines Plug-Ins) direkt vom Server des jeweiligen Drittanbieters bezogen. Dabei wird auch Ihre IP-Adresse \u00fcbermittelt. Ansonsten kann der Drittanbieter die Inhalte nicht an Ihren Browser ausliefern oder die gew\u00fcnschte Funktion anbieten.<\/p>\r\n<p class=\"p1\">Sofern wir Sie um Ihre Einwilligung f\u00fcr die Aktivierung von eingebetteten Funktionen und Inhalten bitten, ist die Rechtsgrundlage Ihre Einwilligung nach Art. 6 Abs. 1 lit. a DSGVO. Andernfalls werden die Daten auf Grundlage unserer berechtigten Interessen an der Bereitstellung und Verbreitung unserer Inhalte und eines nutzerfreundlichen sowie optimalen Nutzererlebnisses nach Art. 6 Abs. 1 lit. f DSGVO verarbeitet. Auf folgende Dienste bzw. Dienstanbieter, mit eingebetteten Funktionen und Inhalten greifen wir gegebenenfalls zur\u00fcck:<\/p>\r\n<p class=\"p1\"><b>4.1. Einwilligung mit Usercentrics<\/b><\/p>\r\n<p class=\"p1\">Diese Website nutzt die Consent-Technologie von Usercentrics, um Ihre Einwilligung zur Speicherung bestimmter Cookies auf Ihrem Endger\u00e4t oder zum Einsatz bestimmter Technologien einzuholen und diese datenschutzkonform zu dokumentieren. Anbieter dieser Technologie ist die Usercentrics GmbH, Sendlinger Stra\u00dfe 7, 80331 M\u00fcnchen, Website: https:\/\/usercentrics.com\/de\/ (im Folgenden \u201eUsercentrics\u201c).<\/p>\r\n<p class=\"p1\">Wenn Sie unsere Website betreten, werden folgende personenbezogene Daten an Usercentrics \u00fcbertragen:<\/p>\r\n<ul class=\"ul1\">\r\n<li class=\"li1\">Ihre Einwilligung(en) bzw. der Widerruf Ihrer Einwilligung(en)<\/li>\r\n<li class=\"li1\">Ihre IP-Adresse<\/li>\r\n<li class=\"li1\">Informationen \u00fcber Ihren Browser<\/li>\r\n<li class=\"li1\">Informationen \u00fcber Ihr Endger\u00e4t<\/li>\r\n<li class=\"li1\">Zeitpunkt Ihres Besuchs auf der Website<\/li>\r\n<li class=\"li1\">Des Weiteren speichert Usercentrics ein Cookie in Ihrem Browser, um Ihnen die erteilten Einwilligungen bzw. deren Widerruf zuordnen zu k\u00f6nnen. Die so erfassten Daten werden gespeichert, bis Sie uns zur L\u00f6schung auffordern, das Usercentrics-Cookie selbst l\u00f6schen oder der Zweck f\u00fcr die Datenspeicherung entf\u00e4llt. Zwingende gesetzliche Aufbewahrungspflichten bleiben unber\u00fchrt.<\/li>\r\n<\/ul>\r\n<p class=\"p1\">Der Einsatz von Usercentrics erfolgt, um die gesetzlich vorgeschriebenen Einwilligungen f\u00fcr den Einsatz bestimmter Technologien einzuholen. Rechtsgrundlage hierf\u00fcr ist Art. 6 Abs. 1 lit. c DSGVO.<\/p>\r\n<p class=\"p1\"><b>4.2 Datenschutzhinweise f\u00fcr\u00a0YouTube-Videos<\/b><br \/>Auf unserer Webseite sind Videos des Internet-Videoportals YouTube eingebettet. Diese Videos werden von der YouTube, LLC, 901 Cherry Ave., San Bruno, CA 94066, USA (YouTube) zur Verf\u00fcgung gestellt. Die YouTube, LLC ist einer Tochtergesellschaft der Google Ireland Limited Gordon House, Barrow Street Dublin 4, Irland.<\/p>\r\n<p class=\"p1\">Mit Aufruf einer Webseite, die eine YouTube-Komponente beinhaltet oder wenn Sie ein eingebettetes Video abspielen, baut Ihr Webbrowser eine direkte Verbindung mit den Servern von YouTube auf. Der Inhalt wird von YouTube direkt an Ihren Browser \u00fcbermittelt bzw. heruntergeladen und abgespielt. Wir haben keinen Einfluss auf den Umfang der Daten, die YouTube dabei erhebt und insoweit auch keine Kenntnis \u00fcber die von YouTube erhobenen Daten. YouTube kann jedoch durch Ihren Aufruf des Videos erfahren, dass Sie unsere Webseite mit Ihrer IP-Adresse besucht haben. Insbesondere dann, wenn Sie bei YouTube mit Ihrem YouTube-Profil eingeloggt sind. Genauere Informationen zum Datenschutz und der Verwendung Ihrer Daten durch YouTube sind unter\u00a0<a href=\"https:\/\/www.google.de\/intl\/de\/policies\/privacy\/\"><span class=\"s2\">https:\/\/www.google.de\/intl\/de\/policies\/privacy\/<\/span><\/a>\u00a0abrufbar.<\/p>\r\n<p class=\"p1\"><b>4.3. Google Maps<\/b><\/p>\r\n<p class=\"p1\">Unsere Webseite nutzt Plugins und Landkarten des Dienstes \u201eGoogle Maps\u201c. Anbieter ist die Google Cloud EMEA Ltd., 70 Sir John Rogerson\u2019s Quay, Dublin 2, Irland. Dadurch k\u00f6nnen wir Ihnen Kartendienste und verbundene Funktionen anbieten. Voraussetzung f\u00fcr die Nutzung des Dienstes ist Ihre Einwilligung nach Art. 6 Abs. 1 lit. a DSGVO. Im Falle Ihrer Einwilligung und Nutzung des Dienstes<span class=\"Apple-converted-space\">\u00a0 <\/span>erh\u00e4lt der Anbieter die Information, dass Sie die entsprechende Unterseite unserer Website aufgerufen haben. Zudem k\u00f6nnen durch den Anbieter auch Nutzungsdaten, Meta- und Kommunikationsdaten (z.B. IP-Adresse, Zeitangaben) oder Standortdaten verarbeitet werden. Weitere Informationen zur Verarbeitung Ihrer Daten durch Google finden Sie hier: <a href=\"https:\/\/policies.google.com\/privacy\"><span class=\"s2\">https:\/\/policies.google.com\/privacy<\/span><\/a>.<\/p>\r\n<p class=\"p1\"><b>4.4. Google Fonts<\/b><\/p>\r\n<p class=\"p1\">Unsere Webseite nutzt Schriftarten und Symbole von Google Fonts. Zweck ist eine einheitliche und ansprechende Darstellung unserer Webseite. Die Google Fonts werden auf unserem eigenen Server gehostet. Eine Weitergabe von Daten an Google erfolgt daher nicht. Rechtsgrundlage sind unsere vorstehend genannten berechtigten Interessen nach Art. 6 Abs. 1 lit. f DSGVO.<\/p>\r\n<p class=\"p1\"><b>5. \u00c4nderungen<\/b><\/p>\r\n<p class=\"p1\">Wir behalten uns die \u00c4nderung dieser Datenschutzerkl\u00e4rung f\u00fcr die Zukunft vor.<\/p>","protected":false},"excerpt":{"rendered":"<p>Datenschutzhinweise Im Folgenden m\u00f6chten wir Sie \u00fcber die Verarbeitung Ihrer personenbezogenen Daten bei Ihrem Besuch unserer Webseite, sowie \u00fcber Ihre Rechte informieren. Verantwortliche Stelle Reitsportanlage Dagobertshausen GmbH &amp; CO. KG Dagoberth\u00e4user Stra\u00dfe 14 35041 Dagobertshausen Telefon: +49 6421 1655953 E-Mail: info@reitsportanlage-dagobertshausen.com 2. Allgemeines zur Datenverarbeitung und Ihren Rechten2.1. Ma\u00dfgebliche Rechtsgrundlagen der DatenverarbeitungSofern die Rechtsgrundlage in diesen Datenschutzhinweisen nicht ausdr\u00fccklich genannt wird, sind die folgenden Rechtsgrundlagen ma\u00dfgeblich: Soweit wir f\u00fcr eine Datenverarbeitung Ihre Einwilligung einholen, ist Artikel 6 Abs. 1 lit. a und Art. 7 DSGVO Rechtsgrundlage f\u00fcr die Datenverarbeitung. Erfolgt die Verarbeitung der Daten zur Erf\u00fcllung unserer Leistungen und Durchf\u00fchrung vertraglicher Ma\u00dfnahmen sowie Beantwortung von Anfragen so ist Art. 6 Abs. 1 lit. b DSGVO Rechtsgrundlage der Datenverarbeitung. Dient die Datenverarbeitung zur Erf\u00fcllung einer rechtlichen Verpflichtung ist Artikel 6 Abs. 1 lit. c DSGVO Rechtsgrundlage. Beispiele hierf\u00fcr sind die Erf\u00fcllung von handelsrechtlichen Aufbewahrungsfristen oder die Erf\u00fcllung steuerlicher (Aufbewahrungs-)Pflichten. Ist die Verarbeitung personenbezogener Daten zur Wahrung eines berechtigten Interesses unseres Vereins oder eines Dritten erforderlich so dient uns Artikel 6 Abs. 1 lit. f DSGVO als Rechtsgrundlage. Berechtigte Interessen sind insbesondere die Gew\u00e4hrleistung der IT-Sicherheit und des IT-Betriebs, die Geltendmachung rechtlicher Anspr\u00fcche und Verteidigung in Rechtstreitigkeiten sowie die Erstellung von Benutzerstatistiken. 2.2. Ihre RechteSie haben das Recht auf Auskunft nach Art. 15 DSGVO, auf Berichtigung nach Art. 16 DSGVO, auf L\u00f6schung nach Art. 17 DSGVO, auf Einschr\u00e4nkung der Verarbeitung nach Art. 18 DSG-VO auf Daten\u00fcbertragung nach Art. 20 DSGVO. F\u00fcr die Rechte auf Auskunft und auf L\u00f6schung gelten die Einschr\u00e4nkungen der \u00a7\u00a7 34 und 35 BDSG. Dar\u00fcber hinaus haben Sie ein Beschwerderecht nach Art. 77 DSGVO bei einer Datenschutzaufsichtsbeh\u00f6rde gem. \u00a7 19 BDSG. Eine uns erteilte Einwilligung in die Verarbeitung personenbezogener Daten k\u00f6nnen Sie jederzeit uns gegen\u00fcber mit Wirkung f\u00fcr die Zukunft widerrufen. 2.3. Dauer der SpeicherungSofern in diesen Datenschutzhinweisen nicht anders angegeben, werden personenbezogene Daten nur solange gespeichert, wie es zur Erf\u00fcllung des jeweiligen Zwecks oder zur Erf\u00fcllung unserer vertraglichen oder gesetzlichen Pflichten erforderlich ist. Wir unterliegen verschiedenen Aufbewahrungs- und Dokumentationspflichten. Diese ergeben sich insbesondere aus dem Handelsgesetzbuch und der Abgabenordnung. Die dort vorgegebenen Fristen k\u00f6nnen bis zu 10 Jahren betragen. 2.4. \u00dcbermittlung von personenbezogenen Daten Falls wir personenbezogene Daten an andere Personen oder Unternehmen \u00fcbermitteln, erfolgt dies nur auf Grundlage Ihrer Einwilligung, einer gesetzlichen Erlaubnis, aufgrund einer rechtlichen Verpflichtung (z.B. an \u00f6ffentliche Stellen) oder auf Grundlage einer Vereinbarung zur Auftragsverarbeitung nach Art. 28 DSGVO. Weitere Kategorien von Empf\u00e4ngern k\u00f6nnen Sie diesen Datenschutzhinweisen entnehmen (siehe dazu Ziffer 3.). 2.5. \u00dcbermittlung von Daten in DrittstaatenEine Verarbeitung von personenbezogenen Daten au\u00dferhalb des Europ\u00e4ischen Wirtschaftsraum erfolgt nur, soweit in dem Drittland ein angemessenes Datenschutzniveau gem\u00e4\u00df Art. 44 ff. DSGVO durch die EU-Kommission best\u00e4tigt wurde oder andere angemessene Garantien zum Schutz personenbezogener Daten vorhanden sind. 2.6. Automatische EntscheidungsfindungEine automatische Entscheidungsfindung oder Profiling erfolgt im Rahmen dieser Webseite nicht. 3. Weitere Informationen zur Datenverarbeitung3.1. CookiesUnsere Webseite verwendet Cookies. Hierbei handelt es sich um kleine Datenpakete, die auf dem Endger\u00e4t des Kunden gespeichert werden. Neben so genannten Session-Cookies, die automatisch gel\u00f6scht werden, sobald Sie sich abmelden oder den Browser schlie\u00dfen, werden auch so genannte permanente Cookies verwendet, die einen wiederkehrenden Nutzer erkennen. Diese Cookies erl\u00f6schen automatisch nach einem festen Zeitraum.Es ist jederzeit m\u00f6glich, dass Setzen eines Cookies durch entsprechende Einstellungen im Internetbrowser zu widersprechen. Bereits gesetzte Cookies k\u00f6nnen Sie jederzeit l\u00f6schen. Bei einer Deaktivierung von Cookies k\u00f6nnen m\u00f6glicherweise nicht alle Funktionen unserer Webseite im vollen Umfang genutzt werden. Rechtsgrundlage f\u00fcr das Setzen von Cookies ist Art. 6 Abs. 1 lit. f DSGVO, soweit der Cookie zur Durchf\u00fchrung des elektronischen Kommunikationsvorgangs oder zur Bereitstellung eines von Ihnen ausdr\u00fccklich gew\u00fcnschten Telemediendienstes erforderlich ist. Hierzu geh\u00f6ren z.B. Cookies mit Funktionen, die der Anzeige und Lauff\u00e4higkeit des Onlineangebotes , der Sicherheit, der Speicherung der von Ihnen gew\u00e4hlten Pr\u00e4ferenzen und Auswahlm\u00f6glichkeiten oder \u00e4hnlichen Zwecken dienen.\u00a0 Sofern eine Einwilligung zur Speicherung von Cookies und vergleichbaren Technologien abgefragt wurde, erfolgt die Verarbeitung ausschlie\u00dflich auf Grundlage Ihrer Einwilligung nach Art. 6 Abs. 1 lit. a DSGVO und \u00a7 25 Abs. 1 TTDSG. Die uns erteilte Einwilligung ist jederzeit widerrufbar. Welche Cookies und Dienste auf dieser Website eingesetzt werden, k\u00f6nnen Sie diesen Datenschutzhinweisen entnehmen. 3.2. Erfassung allgemeiner Daten und Erstellung von ProtokolldatenBei Aufruf unserer Webseite werden automatisch allgemeine Daten und Informationen erfasst und in einem Protokoll des Servers gespeichert. Folgende Daten k\u00f6nnen hierbei erhoben werden: Informationen zum Browsertyp und Version Informationen zum Betriebssystem des Nutzers Informationen zum Service-Provider des Nutzers Die Internet-Protokoll-Adresse (IP-Adresse) des Nutzers oder aufrufenden Systems Datum und Uhrzeit des Zugriffs Die Seite, \u00fcber die Sie zu uns gekommen sind (Referrer URL) Webseiten, die vom System des Nutzers \u00fcber unsere Webseite aufgerufen werden Die Verarbeitung dieser Daten dient der Bereitstellung unserer Webseite, zur Gew\u00e4hrleistung der Funktionsf\u00e4higkeit unserer Informationstechnischen Systeme und der Optimierung unserer Webseite. Diese grunds\u00e4tzlich anonym erhobenen Daten und Informationen werden durch uns statistisch ausgewertet, mit dem Ziel, den Datenschutz und die Datensicherheit sicherzustellen. Die Daten der Logfiles werden dabei stets getrennt von anderen gegebenenfalls erfassten personenbezogenen Daten gespeichert und grunds\u00e4tzlich nicht an Dritte weitergegeben. Die L\u00f6schung der Daten erfolgt automatisch nach Fristlablauf. Rechtsgrundlage f\u00fcr die vorr\u00fcbergehende Verarbeitung der Daten ist die Wahrung der vorstehend genannten berechtigten Interessen gem\u00e4\u00df Art. 6 Abs. 1 lit. f DSGVO. 3.3. Kontaktformular und E-Mail-KontaktAuf unserer Webseite finden Sie ein Kontaktformular und eine E-Mail-Adresse, \u00fcber die Sie mit uns auf elektronischem Weg Kontakt aufnehmen k\u00f6nnen. Nutzen Sie einen dieser Kan\u00e4le und nehmen mit uns Kontakt auf, so werden die von Ihnen uns \u00fcbermittelten personenbezogenen Daten automatisch gespeichert. Die Speicherung und weitere Verarbeitung dieser Daten dient ausschlie\u00dflich der Bearbeitung Ihrer Kontaktanfrage und zur anschlie\u00dfenden Kontaktanfrage mit Ihnen. Eine Weitergabe an Dritte erfolgt grunds\u00e4tzlich nicht. Die von Ihnen \u00fcbermittelten Daten werden nach Abschluss des Vorgangs gel\u00f6scht, sofern der L\u00f6schung keine vertraglichen oder gesetzlichen Aufbewahrungsfristen entgegenstehen. In diesem Fall werden die aufbewahrungspflichtigen Daten nach Fristablauf gel\u00f6scht. Rechtsgrundlage f\u00fcr die Verarbeitung der Daten sind Art. 6 Abs. 1 lit. a und f DSGVO. 4. Einbindung von Diensten und Inhalte Dritter Unsere Webseite nutzt Dienste und Inhalte von Drittanbietern. Insbesondere sogenannte \u201eSocial-Plugins\u201c, Videos oder Schriftarten. Diese Inhalte werden entweder bei Aufruf<\/p>","protected":false},"author":1,"featured_media":0,"parent":0,"menu_order":0,"comment_status":"closed","ping_status":"open","template":"","meta":{"_acf_changed":false,"site-sidebar-layout":"default","site-content-layout":"default","ast-site-content-layout":"","site-content-style":"default","site-sidebar-style":"default","ast-global-header-display":"","ast-banner-title-visibility":"","ast-main-header-display":"","ast-hfb-above-header-display":"","ast-hfb-below-header-display":"","ast-hfb-mobile-header-display":"","site-post-title":"","ast-breadcrumbs-content":"","ast-featured-img":"","footer-sml-layout":"","theme-transparent-header-meta":"default","adv-header-id-meta":"","stick-header-meta":"","header-above-stick-meta":"","header-main-stick-meta":"","header-below-stick-meta":"","astra-migrate-meta-layouts":"default","ast-page-background-enabled":"default","ast-page-background-meta":{"desktop":{"background-color":"var(--ast-global-color-4)","background-image":"","background-repeat":"repeat","background-position":"center center","background-size":"auto","background-attachment":"scroll","background-type":"","background-media":"","overlay-type":"","overlay-color":"","overlay-opacity":"","overlay-gradient":""},"tablet":{"background-color":"","background-image":"","background-repeat":"repeat","background-position":"center center","background-size":"auto","background-attachment":"scroll","background-type":"","background-media":"","overlay-type":"","overlay-color":"","overlay-opacity":"","overlay-gradient":""},"mobile":{"background-color":"","background-image":"","background-repeat":"repeat","background-position":"center center","background-size":"auto","background-attachment":"scroll","background-type":"","background-media":"","overlay-type":"","overlay-color":"","overlay-opacity":"","overlay-gradient":""}},"ast-content-background-meta":{"desktop":{"background-color":"var(--ast-global-color-5)","background-image":"","background-repeat":"repeat","background-position":"center center","background-size":"auto","background-attachment":"scroll","background-type":"","background-media":"","overlay-type":"","overlay-color":"","overlay-opacity":"","overlay-gradient":""},"tablet":{"background-color":"var(--ast-global-color-5)","background-image":"","background-repeat":"repeat","background-position":"center center","background-size":"auto","background-attachment":"scroll","background-type":"","background-media":"","overlay-type":"","overlay-color":"","overlay-opacity":"","overlay-gradient":""},"mobile":{"background-color":"var(--ast-global-color-5)","background-image":"","background-repeat":"repeat","background-position":"center center","background-size":"auto","background-attachment":"scroll","background-type":"","background-media":"","overlay-type":"","overlay-color":"","overlay-opacity":"","overlay-gradient":""}},"footnotes":""},"class_list":["post-3","page","type-page","status-publish","hentry"],"acf":[],"_links":{"self":[{"href":"https:\/\/www.hd-equestrian.com\/en\/wp-json\/wp\/v2\/pages\/3","targetHints":{"allow":["GET"]}}],"collection":[{"href":"https:\/\/www.hd-equestrian.com\/en\/wp-json\/wp\/v2\/pages"}],"about":[{"href":"https:\/\/www.hd-equestrian.com\/en\/wp-json\/wp\/v2\/types\/page"}],"author":[{"embeddable":true,"href":"https:\/\/www.hd-equestrian.com\/en\/wp-json\/wp\/v2\/users\/1"}],"replies":[{"embeddable":true,"href":"https:\/\/www.hd-equestrian.com\/en\/wp-json\/wp\/v2\/comments?post=3"}],"version-history":[{"count":2,"href":"https:\/\/www.hd-equestrian.com\/en\/wp-json\/wp\/v2\/pages\/3\/revisions"}],"predecessor-version":[{"id":4207,"href":"https:\/\/www.hd-equestrian.com\/en\/wp-json\/wp\/v2\/pages\/3\/revisions\/4207"}],"wp:attachment":[{"href":"https:\/\/www.hd-equestrian.com\/en\/wp-json\/wp\/v2\/media?parent=3"}],"curies":[{"name":"wp","href":"https:\/\/api.w.org\/{rel}","templated":true}]}}